{"id":72,"date":"2019-03-08T13:22:50","date_gmt":"2019-03-08T12:22:50","guid":{"rendered":"http:\/\/inap.si\/?page_id=72"},"modified":"2019-04-30T11:35:26","modified_gmt":"2019-04-30T09:35:26","slug":"predstavitev","status":"publish","type":"page","link":"https:\/\/inap.si\/en\/predstavitev\/","title":{"rendered":"Predstavitev"},"content":{"rendered":"\t\t<div data-elementor-type=\"wp-post\" data-elementor-id=\"72\" class=\"elementor elementor-72\">\n\t\t\t\t\t\t<section class=\"elementor-section elementor-top-section elementor-element elementor-element-fd6989a elementor-section-stretched elementor-section-full_width elementor-section-height-min-height elementor-section-height-default elementor-section-items-middle\" data-id=\"fd6989a\" data-element_type=\"section\" data-settings=\"{&quot;stretch_section&quot;:&quot;section-stretched&quot;,&quot;background_background&quot;:&quot;classic&quot;}\">\n\t\t\t\t\t\t\t<div class=\"elementor-background-overlay\"><\/div>\n\t\t\t\t\t\t\t<div class=\"elementor-container elementor-column-gap-default\">\n\t\t\t\t\t<div class=\"elementor-column elementor-col-50 elementor-top-column elementor-element elementor-element-6846d89\" data-id=\"6846d89\" data-element_type=\"column\" data-settings=\"{&quot;background_background&quot;:&quot;classic&quot;}\">\n\t\t\t<div class=\"elementor-widget-wrap elementor-element-populated\">\n\t\t\t\t\t\t<div class=\"elementor-element elementor-element-ca4956b elementor-widget elementor-widget-heading\" data-id=\"ca4956b\" data-element_type=\"widget\" data-widget_type=\"heading.default\">\n\t\t\t\t<div class=\"elementor-widget-container\">\n\t\t\t<h2 class=\"elementor-heading-title elementor-size-default\">WHO WE ARE AND WHAT WE DO<\/h2>\t\t<\/div>\n\t\t\t\t<\/div>\n\t\t\t\t\t<\/div>\n\t\t<\/div>\n\t\t\t\t<div class=\"elementor-column elementor-col-50 elementor-top-column elementor-element elementor-element-d6832f4\" data-id=\"d6832f4\" data-element_type=\"column\">\n\t\t\t<div class=\"elementor-widget-wrap\">\n\t\t\t\t\t\t\t<\/div>\n\t\t<\/div>\n\t\t\t\t\t<\/div>\n\t\t<\/section>\n\t\t\t\t<section class=\"elementor-section elementor-top-section elementor-element elementor-element-b75f5cb elementor-section-stretched elementor-section-boxed elementor-section-height-default elementor-section-height-default\" data-id=\"b75f5cb\" data-element_type=\"section\" data-settings=\"{&quot;stretch_section&quot;:&quot;section-stretched&quot;}\">\n\t\t\t\t\t\t<div class=\"elementor-container elementor-column-gap-default\">\n\t\t\t\t\t<div class=\"elementor-column elementor-col-100 elementor-top-column elementor-element elementor-element-16b77bd\" data-id=\"16b77bd\" data-element_type=\"column\">\n\t\t\t<div class=\"elementor-widget-wrap elementor-element-populated\">\n\t\t\t\t\t\t<div class=\"elementor-element elementor-element-b46bfe2 elementor-widget elementor-widget-spacer\" data-id=\"b46bfe2\" data-element_type=\"widget\" data-widget_type=\"spacer.default\">\n\t\t\t\t<div class=\"elementor-widget-container\">\n\t\t\t\t\t<div class=\"elementor-spacer\">\n\t\t\t<div class=\"elementor-spacer-inner\"><\/div>\n\t\t<\/div>\n\t\t\t\t<\/div>\n\t\t\t\t<\/div>\n\t\t\t\t\t<\/div>\n\t\t<\/div>\n\t\t\t\t\t<\/div>\n\t\t<\/section>\n\t\t\t\t<section class=\"elementor-section elementor-top-section elementor-element elementor-element-ec23386 elementor-section-stretched elementor-section-boxed elementor-section-height-default elementor-section-height-default\" data-id=\"ec23386\" data-element_type=\"section\" data-settings=\"{&quot;stretch_section&quot;:&quot;section-stretched&quot;}\">\n\t\t\t\t\t\t<div class=\"elementor-container elementor-column-gap-default\">\n\t\t\t\t\t<div class=\"elementor-column elementor-col-100 elementor-top-column elementor-element elementor-element-d534000\" data-id=\"d534000\" data-element_type=\"column\">\n\t\t\t<div class=\"elementor-widget-wrap elementor-element-populated\">\n\t\t\t\t\t\t<div class=\"elementor-element elementor-element-53e7c8d elementor-widget elementor-widget-heading\" data-id=\"53e7c8d\" data-element_type=\"widget\" data-widget_type=\"heading.default\">\n\t\t\t\t<div class=\"elementor-widget-container\">\n\t\t\t<h2 class=\"elementor-heading-title elementor-size-default\">About us<\/h2>\t\t<\/div>\n\t\t\t\t<\/div>\n\t\t\t\t\t<\/div>\n\t\t<\/div>\n\t\t\t\t\t<\/div>\n\t\t<\/section>\n\t\t\t\t<section class=\"elementor-section elementor-top-section elementor-element elementor-element-9ee2cfd elementor-section-stretched elementor-section-boxed elementor-section-height-default elementor-section-height-default\" data-id=\"9ee2cfd\" data-element_type=\"section\" data-settings=\"{&quot;stretch_section&quot;:&quot;section-stretched&quot;}\">\n\t\t\t\t\t\t<div class=\"elementor-container elementor-column-gap-default\">\n\t\t\t\t\t<div class=\"elementor-column elementor-col-100 elementor-top-column elementor-element elementor-element-20af32f\" data-id=\"20af32f\" data-element_type=\"column\">\n\t\t\t<div class=\"elementor-widget-wrap elementor-element-populated\">\n\t\t\t\t\t\t<div class=\"elementor-element elementor-element-73c90aa elementor-widget elementor-widget-text-editor\" data-id=\"73c90aa\" data-element_type=\"widget\" data-widget_type=\"text-editor.default\">\n\t\t\t\t<div class=\"elementor-widget-container\">\n\t\t\t\t\t\t\t<p><b>INAP d.o.o.<\/b>is a firm that specializes in\u00a0<b>engineering and advanced solutions for the needs of automation and informatization\u00a0<\/b>in the fields of industry, energy, buildings and environmental infrastructure.<\/p><p>The firm\u2019s vision is\u00a0<b>offering advanced and innovative technological solutions to the market.<\/b><\/p><p class=\"MsoNormal\">Our goal is to provide the market with systems, services and products which enable better optimization and modernization of processes and lower costs. We accept challenges as a chance to gain new knowledge and enrich our experiences.<\/p><p>We are flexible, we keep learning and growing which allows us to take on more and more difficult tasks because\u00a0<b>we know how, we want to and we can!<\/b><\/p><p>\u00a0<\/p>\t\t\t\t\t\t<\/div>\n\t\t\t\t<\/div>\n\t\t\t\t\t<\/div>\n\t\t<\/div>\n\t\t\t\t\t<\/div>\n\t\t<\/section>\n\t\t\t\t<section class=\"elementor-section elementor-top-section elementor-element elementor-element-b211ae1 elementor-section-stretched elementor-section-boxed elementor-section-height-default elementor-section-height-default\" data-id=\"b211ae1\" data-element_type=\"section\" data-settings=\"{&quot;stretch_section&quot;:&quot;section-stretched&quot;}\">\n\t\t\t\t\t\t<div class=\"elementor-container elementor-column-gap-default\">\n\t\t\t\t\t<div class=\"elementor-column elementor-col-100 elementor-top-column elementor-element elementor-element-bd8f816\" data-id=\"bd8f816\" data-element_type=\"column\">\n\t\t\t<div class=\"elementor-widget-wrap elementor-element-populated\">\n\t\t\t\t\t\t<div class=\"elementor-element elementor-element-90b9733 elementor-widget-divider--view-line elementor-widget elementor-widget-divider\" data-id=\"90b9733\" data-element_type=\"widget\" data-widget_type=\"divider.default\">\n\t\t\t\t<div class=\"elementor-widget-container\">\n\t\t\t\t\t<div class=\"elementor-divider\">\n\t\t\t<span class=\"elementor-divider-separator\">\n\t\t\t\t\t\t<\/span>\n\t\t<\/div>\n\t\t\t\t<\/div>\n\t\t\t\t<\/div>\n\t\t\t\t\t<\/div>\n\t\t<\/div>\n\t\t\t\t\t<\/div>\n\t\t<\/section>\n\t\t\t\t<section class=\"elementor-section elementor-top-section elementor-element elementor-element-5b381c7 elementor-section-stretched elementor-section-boxed elementor-section-height-default elementor-section-height-default\" data-id=\"5b381c7\" data-element_type=\"section\" data-settings=\"{&quot;stretch_section&quot;:&quot;section-stretched&quot;}\">\n\t\t\t\t\t\t<div class=\"elementor-container elementor-column-gap-default\">\n\t\t\t\t\t<div class=\"elementor-column elementor-col-100 elementor-top-column elementor-element elementor-element-4b5a9bc\" data-id=\"4b5a9bc\" data-element_type=\"column\">\n\t\t\t<div class=\"elementor-widget-wrap elementor-element-populated\">\n\t\t\t\t\t\t<div class=\"elementor-element elementor-element-676a74e elementor-widget elementor-widget-heading\" data-id=\"676a74e\" data-element_type=\"widget\" data-widget_type=\"heading.default\">\n\t\t\t\t<div class=\"elementor-widget-container\">\n\t\t\t<h2 class=\"elementor-heading-title elementor-size-default\">Let\u2019s work together!<\/h2>\t\t<\/div>\n\t\t\t\t<\/div>\n\t\t\t\t\t<\/div>\n\t\t<\/div>\n\t\t\t\t\t<\/div>\n\t\t<\/section>\n\t\t\t\t<section class=\"elementor-section elementor-top-section elementor-element elementor-element-2472344 elementor-section-stretched elementor-section-boxed elementor-section-height-default elementor-section-height-default\" data-id=\"2472344\" data-element_type=\"section\" data-settings=\"{&quot;stretch_section&quot;:&quot;section-stretched&quot;}\">\n\t\t\t\t\t\t<div class=\"elementor-container elementor-column-gap-default\">\n\t\t\t\t\t<div class=\"elementor-column elementor-col-100 elementor-top-column elementor-element elementor-element-aa9b3bd\" data-id=\"aa9b3bd\" data-element_type=\"column\">\n\t\t\t<div class=\"elementor-widget-wrap elementor-element-populated\">\n\t\t\t\t\t\t<div class=\"elementor-element elementor-element-bf1db06 elementor-widget elementor-widget-text-editor\" data-id=\"bf1db06\" data-element_type=\"widget\" data-widget_type=\"text-editor.default\">\n\t\t\t\t<div class=\"elementor-widget-container\">\n\t\t\t\t\t\t\t<p class=\"MsoNormal\">A universal solution in the field of automation and informatization of systems that would fit every company does not exist. That\u2019s why we offer tailored solutions which enable a better optimization and modernization of processes which leads to a higher competitive advantage of our partners on the market.<\/p><p class=\"MsoNormal\">Contact us. Our e-mail is: <b>info@inap.si<\/b><\/p>\t\t\t\t\t\t<\/div>\n\t\t\t\t<\/div>\n\t\t\t\t\t<\/div>\n\t\t<\/div>\n\t\t\t\t\t<\/div>\n\t\t<\/section>\n\t\t\t\t<section class=\"elementor-section elementor-top-section elementor-element elementor-element-b38dec5 elementor-section-stretched elementor-section-boxed elementor-section-height-default elementor-section-height-default\" data-id=\"b38dec5\" data-element_type=\"section\" data-settings=\"{&quot;stretch_section&quot;:&quot;section-stretched&quot;}\">\n\t\t\t\t\t\t<div class=\"elementor-container elementor-column-gap-default\">\n\t\t\t\t\t<div class=\"elementor-column elementor-col-100 elementor-top-column elementor-element elementor-element-95df600\" data-id=\"95df600\" data-element_type=\"column\">\n\t\t\t<div class=\"elementor-widget-wrap elementor-element-populated\">\n\t\t\t\t\t\t<div class=\"elementor-element elementor-element-bb99f33 elementor-align-center elementor-widget elementor-widget-button\" data-id=\"bb99f33\" data-element_type=\"widget\" data-widget_type=\"button.default\">\n\t\t\t\t<div class=\"elementor-widget-container\">\n\t\t\t\t\t<div class=\"elementor-button-wrapper\">\n\t\t\t<a class=\"elementor-button elementor-button-link elementor-size-sm\" href=\"http:\/\/inap.si\/sodelujte-z-nami\/\" id=\"Kontakt-button\">\n\t\t\t\t\t\t<span class=\"elementor-button-content-wrapper\">\n\t\t\t\t\t\t<span class=\"elementor-button-text\">Contact us<\/span>\n\t\t<\/span>\n\t\t\t\t\t<\/a>\n\t\t<\/div>\n\t\t\t\t<\/div>\n\t\t\t\t<\/div>\n\t\t\t\t\t<\/div>\n\t\t<\/div>\n\t\t\t\t\t<\/div>\n\t\t<\/section>\n\t\t\t\t<\/div>\n\t\t","protected":false},"excerpt":{"rendered":"<p>WHO WE ARE AND WHAT WE DO About us INAP d.o.o.is a firm that specializes in\u00a0engineering and advanced solutions for the needs of automation and informatization\u00a0in the fields of industry, energy, buildings and environmental infrastructure. The firm\u2019s vision is\u00a0offering advanced and innovative technological solutions to the market. Our goal is to provide the market with [&hellip;]<\/p>\n","protected":false},"author":1,"featured_media":0,"parent":0,"menu_order":0,"comment_status":"closed","ping_status":"closed","template":"","meta":{"ocean_post_layout":"full-screen","ocean_both_sidebars_style":"","ocean_both_sidebars_content_width":0,"ocean_both_sidebars_sidebars_width":0,"ocean_sidebar":"0","ocean_second_sidebar":"0","ocean_disable_margins":"enable","ocean_add_body_class":"","ocean_shortcode_before_top_bar":"","ocean_shortcode_after_top_bar":"","ocean_shortcode_before_header":"","ocean_shortcode_after_header":"","ocean_has_shortcode":"","ocean_shortcode_after_title":"","ocean_shortcode_before_footer_widgets":"","ocean_shortcode_after_footer_widgets":"","ocean_shortcode_before_footer_bottom":"","ocean_shortcode_after_footer_bottom":"","ocean_display_top_bar":"default","ocean_display_header":"default","ocean_header_style":"","ocean_center_header_left_menu":"","ocean_custom_header_template":"","ocean_custom_logo":0,"ocean_custom_retina_logo":0,"ocean_custom_logo_max_width":0,"ocean_custom_logo_tablet_max_width":0,"ocean_custom_logo_mobile_max_width":0,"ocean_custom_logo_max_height":0,"ocean_custom_logo_tablet_max_height":0,"ocean_custom_logo_mobile_max_height":0,"ocean_header_custom_menu":"0","ocean_menu_typo_font_family":"","ocean_menu_typo_font_subset":"","ocean_menu_typo_font_size":0,"ocean_menu_typo_font_size_tablet":0,"ocean_menu_typo_font_size_mobile":0,"ocean_menu_typo_font_size_unit":"px","ocean_menu_typo_font_weight":"","ocean_menu_typo_font_weight_tablet":"","ocean_menu_typo_font_weight_mobile":"","ocean_menu_typo_transform":"","ocean_menu_typo_transform_tablet":"","ocean_menu_typo_transform_mobile":"","ocean_menu_typo_line_height":0,"ocean_menu_typo_line_height_tablet":0,"ocean_menu_typo_line_height_mobile":0,"ocean_menu_typo_line_height_unit":"","ocean_menu_typo_spacing":0,"ocean_menu_typo_spacing_tablet":0,"ocean_menu_typo_spacing_mobile":0,"ocean_menu_typo_spacing_unit":"","ocean_menu_link_color":"","ocean_menu_link_color_hover":"","ocean_menu_link_color_active":"","ocean_menu_link_background":"","ocean_menu_link_hover_background":"","ocean_menu_link_active_background":"","ocean_menu_social_links_bg":"","ocean_menu_social_hover_links_bg":"","ocean_menu_social_links_color":"","ocean_menu_social_hover_links_color":"","ocean_disable_title":"on","ocean_disable_heading":"default","ocean_post_title":"","ocean_post_subheading":"","ocean_post_title_style":"","ocean_post_title_background_color":"","ocean_post_title_background":0,"ocean_post_title_bg_image_position":"","ocean_post_title_bg_image_attachment":"","ocean_post_title_bg_image_repeat":"","ocean_post_title_bg_image_size":"","ocean_post_title_height":0,"ocean_post_title_bg_overlay":0.5,"ocean_post_title_bg_overlay_color":"","ocean_disable_breadcrumbs":"default","ocean_breadcrumbs_color":"","ocean_breadcrumbs_separator_color":"","ocean_breadcrumbs_links_color":"","ocean_breadcrumbs_links_hover_color":"","ocean_display_footer_widgets":"default","ocean_display_footer_bottom":"default","ocean_custom_footer_template":"","footnotes":""},"yoast_head":"<!-- This site is optimized with the Yoast SEO plugin v22.2 - https:\/\/yoast.com\/wordpress\/plugins\/seo\/ -->\n<title>Predstavitev podjetja | INAP d.o.o.<\/title>\n<meta name=\"description\" content=\"Ukvarjamo se z in\u017eeniringom in storitvami za potrebe avtomatizacije in informatizacije. Vizija podjetja je ponudba tehnolo\u0161ko naprednih, inovativnih re\u0161itev\" \/>\n<meta name=\"robots\" content=\"index, follow, max-snippet:-1, max-image-preview:large, max-video-preview:-1\" \/>\n<link rel=\"canonical\" href=\"https:\/\/inap.si\/en\/predstavitev\/\" \/>\n<meta property=\"og:locale\" content=\"en_US\" \/>\n<meta property=\"og:type\" content=\"article\" \/>\n<meta property=\"og:title\" content=\"Predstavitev podjetja | INAP d.o.o.\" \/>\n<meta property=\"og:description\" content=\"Ukvarjamo se z in\u017eeniringom in storitvami za potrebe avtomatizacije in informatizacije. Vizija podjetja je ponudba tehnolo\u0161ko naprednih, inovativnih re\u0161itev\" \/>\n<meta property=\"og:url\" content=\"https:\/\/inap.si\/en\/predstavitev\/\" \/>\n<meta property=\"og:site_name\" content=\"INAP d.o.o.\" \/>\n<meta property=\"article:modified_time\" content=\"2019-04-30T09:35:26+00:00\" \/>\n<meta name=\"twitter:card\" content=\"summary_large_image\" \/>\n<meta name=\"twitter:label1\" content=\"Est. reading time\" \/>\n\t<meta name=\"twitter:data1\" content=\"1 minute\" \/>\n<script type=\"application\/ld+json\" class=\"yoast-schema-graph\">{\"@context\":\"https:\/\/schema.org\",\"@graph\":[{\"@type\":\"WebPage\",\"@id\":\"https:\/\/inap.si\/sl\/predstavitev\/\",\"url\":\"https:\/\/inap.si\/sl\/predstavitev\/\",\"name\":\"Predstavitev podjetja | INAP d.o.o.\",\"isPartOf\":{\"@id\":\"https:\/\/inap.si\/en\/#website\"},\"datePublished\":\"2019-03-08T12:22:50+00:00\",\"dateModified\":\"2019-04-30T09:35:26+00:00\",\"description\":\"Ukvarjamo se z in\u017eeniringom in storitvami za potrebe avtomatizacije in informatizacije. Vizija podjetja je ponudba tehnolo\u0161ko naprednih, inovativnih re\u0161itev\",\"breadcrumb\":{\"@id\":\"https:\/\/inap.si\/sl\/predstavitev\/#breadcrumb\"},\"inLanguage\":\"en-US\",\"potentialAction\":[{\"@type\":\"ReadAction\",\"target\":[\"https:\/\/inap.si\/sl\/predstavitev\/\"]}]},{\"@type\":\"BreadcrumbList\",\"@id\":\"https:\/\/inap.si\/sl\/predstavitev\/#breadcrumb\",\"itemListElement\":[{\"@type\":\"ListItem\",\"position\":1,\"name\":\"Domov\",\"item\":\"https:\/\/inap.si\/en\/\"},{\"@type\":\"ListItem\",\"position\":2,\"name\":\"Predstavitev\"}]},{\"@type\":\"WebSite\",\"@id\":\"https:\/\/inap.si\/en\/#website\",\"url\":\"https:\/\/inap.si\/en\/\",\"name\":\"INAP d.o.o.\",\"description\":\"Informatizacija In Avtomatizacija Procesov, d.o.o.\",\"publisher\":{\"@id\":\"https:\/\/inap.si\/en\/#organization\"},\"potentialAction\":[{\"@type\":\"SearchAction\",\"target\":{\"@type\":\"EntryPoint\",\"urlTemplate\":\"https:\/\/inap.si\/en\/?s={search_term_string}\"},\"query-input\":\"required name=search_term_string\"}],\"inLanguage\":\"en-US\"},{\"@type\":\"Organization\",\"@id\":\"https:\/\/inap.si\/en\/#organization\",\"name\":\"INAP d.o.o.\",\"url\":\"https:\/\/inap.si\/en\/\",\"logo\":{\"@type\":\"ImageObject\",\"inLanguage\":\"en-US\",\"@id\":\"https:\/\/inap.si\/en\/#\/schema\/logo\/image\/\",\"url\":\"https:\/\/inap.si\/wp-content\/uploads\/2019\/03\/INAP.png\",\"contentUrl\":\"https:\/\/inap.si\/wp-content\/uploads\/2019\/03\/INAP.png\",\"width\":92,\"height\":38,\"caption\":\"INAP d.o.o.\"},\"image\":{\"@id\":\"https:\/\/inap.si\/en\/#\/schema\/logo\/image\/\"}}]}<\/script>\n<!-- \/ Yoast SEO plugin. -->","yoast_head_json":{"title":"Predstavitev podjetja | INAP d.o.o.","description":"Ukvarjamo se z in\u017eeniringom in storitvami za potrebe avtomatizacije in informatizacije. Vizija podjetja je ponudba tehnolo\u0161ko naprednih, inovativnih re\u0161itev","robots":{"index":"index","follow":"follow","max-snippet":"max-snippet:-1","max-image-preview":"max-image-preview:large","max-video-preview":"max-video-preview:-1"},"canonical":"https:\/\/inap.si\/en\/predstavitev\/","og_locale":"en_US","og_type":"article","og_title":"Predstavitev podjetja | INAP d.o.o.","og_description":"Ukvarjamo se z in\u017eeniringom in storitvami za potrebe avtomatizacije in informatizacije. Vizija podjetja je ponudba tehnolo\u0161ko naprednih, inovativnih re\u0161itev","og_url":"https:\/\/inap.si\/en\/predstavitev\/","og_site_name":"INAP d.o.o.","article_modified_time":"2019-04-30T09:35:26+00:00","twitter_card":"summary_large_image","twitter_misc":{"Est. reading time":"1 minute"},"schema":{"@context":"https:\/\/schema.org","@graph":[{"@type":"WebPage","@id":"https:\/\/inap.si\/sl\/predstavitev\/","url":"https:\/\/inap.si\/sl\/predstavitev\/","name":"Predstavitev podjetja | INAP d.o.o.","isPartOf":{"@id":"https:\/\/inap.si\/en\/#website"},"datePublished":"2019-03-08T12:22:50+00:00","dateModified":"2019-04-30T09:35:26+00:00","description":"Ukvarjamo se z in\u017eeniringom in storitvami za potrebe avtomatizacije in informatizacije. Vizija podjetja je ponudba tehnolo\u0161ko naprednih, inovativnih re\u0161itev","breadcrumb":{"@id":"https:\/\/inap.si\/sl\/predstavitev\/#breadcrumb"},"inLanguage":"en-US","potentialAction":[{"@type":"ReadAction","target":["https:\/\/inap.si\/sl\/predstavitev\/"]}]},{"@type":"BreadcrumbList","@id":"https:\/\/inap.si\/sl\/predstavitev\/#breadcrumb","itemListElement":[{"@type":"ListItem","position":1,"name":"Domov","item":"https:\/\/inap.si\/en\/"},{"@type":"ListItem","position":2,"name":"Predstavitev"}]},{"@type":"WebSite","@id":"https:\/\/inap.si\/en\/#website","url":"https:\/\/inap.si\/en\/","name":"INAP d.o.o.","description":"Informatizacija In Avtomatizacija Procesov, d.o.o.","publisher":{"@id":"https:\/\/inap.si\/en\/#organization"},"potentialAction":[{"@type":"SearchAction","target":{"@type":"EntryPoint","urlTemplate":"https:\/\/inap.si\/en\/?s={search_term_string}"},"query-input":"required name=search_term_string"}],"inLanguage":"en-US"},{"@type":"Organization","@id":"https:\/\/inap.si\/en\/#organization","name":"INAP d.o.o.","url":"https:\/\/inap.si\/en\/","logo":{"@type":"ImageObject","inLanguage":"en-US","@id":"https:\/\/inap.si\/en\/#\/schema\/logo\/image\/","url":"https:\/\/inap.si\/wp-content\/uploads\/2019\/03\/INAP.png","contentUrl":"https:\/\/inap.si\/wp-content\/uploads\/2019\/03\/INAP.png","width":92,"height":38,"caption":"INAP d.o.o."},"image":{"@id":"https:\/\/inap.si\/en\/#\/schema\/logo\/image\/"}}]}},"_links":{"self":[{"href":"https:\/\/inap.si\/en\/wp-json\/wp\/v2\/pages\/72"}],"collection":[{"href":"https:\/\/inap.si\/en\/wp-json\/wp\/v2\/pages"}],"about":[{"href":"https:\/\/inap.si\/en\/wp-json\/wp\/v2\/types\/page"}],"author":[{"embeddable":true,"href":"https:\/\/inap.si\/en\/wp-json\/wp\/v2\/users\/1"}],"replies":[{"embeddable":true,"href":"https:\/\/inap.si\/en\/wp-json\/wp\/v2\/comments?post=72"}],"version-history":[{"count":50,"href":"https:\/\/inap.si\/en\/wp-json\/wp\/v2\/pages\/72\/revisions"}],"predecessor-version":[{"id":1940,"href":"https:\/\/inap.si\/en\/wp-json\/wp\/v2\/pages\/72\/revisions\/1940"}],"wp:attachment":[{"href":"https:\/\/inap.si\/en\/wp-json\/wp\/v2\/media?parent=72"}],"curies":[{"name":"wp","href":"https:\/\/api.w.org\/{rel}","templated":true}]}}